{"id":29,"date":"2022-06-21T17:43:33","date_gmt":"2022-06-21T17:43:33","guid":{"rendered":"https:\/\/tvlec.treiteksolutions.com\/?page_id=29"},"modified":"2022-09-21T22:56:15","modified_gmt":"2022-09-21T22:56:15","slug":"motor-de-reservas","status":"publish","type":"page","link":"https:\/\/tvlec.com\/?page_id=29","title":{"rendered":"Motor de reservas"},"content":{"rendered":"\t\t<div data-elementor-type=\"wp-page\" data-elementor-id=\"29\" class=\"elementor elementor-29\">\n\t\t\t\t\t\t<section class=\"elementor-section elementor-top-section elementor-element elementor-element-dd0e181 elementor-section-full_width elementor-section-stretched elementor-section-height-default elementor-section-height-default\" data-id=\"dd0e181\" data-element_type=\"section\" data-settings=\"{&quot;stretch_section&quot;:&quot;section-stretched&quot;,&quot;background_background&quot;:&quot;classic&quot;}\">\n\t\t\t\t\t\t\t<div class=\"elementor-background-overlay\"><\/div>\n\t\t\t\t\t\t\t<div class=\"elementor-container elementor-column-gap-default\">\n\t\t\t\t\t<div class=\"elementor-column elementor-col-100 elementor-top-column elementor-element elementor-element-8317f1e\" data-id=\"8317f1e\" data-element_type=\"column\">\n\t\t\t<div class=\"elementor-widget-wrap elementor-element-populated\">\n\t\t\t\t\t\t<div class=\"elementor-element elementor-element-fba3734 elementor-widget elementor-widget-heading\" data-id=\"fba3734\" data-element_type=\"widget\" data-widget_type=\"heading.default\">\n\t\t\t\t<div class=\"elementor-widget-container\">\n\t\t\t\t\t<h2 class=\"elementor-heading-title elementor-size-default\">Motor de reservas<\/h2>\t\t\t\t<\/div>\n\t\t\t\t<\/div>\n\t\t\t\t\t<\/div>\n\t\t<\/div>\n\t\t\t\t\t<\/div>\n\t\t<\/section>\n\t\t\t\t<section class=\"elementor-section elementor-top-section elementor-element elementor-element-70b14dc elementor-section-full_width elementor-section-stretched elementor-section-height-default elementor-section-height-default\" data-id=\"70b14dc\" data-element_type=\"section\" data-settings=\"{&quot;stretch_section&quot;:&quot;section-stretched&quot;}\">\n\t\t\t\t\t\t<div class=\"elementor-container elementor-column-gap-default\">\n\t\t\t\t\t<div class=\"elementor-column elementor-col-50 elementor-top-column elementor-element elementor-element-d8ea6b8\" data-id=\"d8ea6b8\" data-element_type=\"column\">\n\t\t\t<div class=\"elementor-widget-wrap elementor-element-populated\">\n\t\t\t\t\t\t<div class=\"elementor-element elementor-element-3f27352 elementor-widget elementor-widget-image\" data-id=\"3f27352\" data-element_type=\"widget\" data-widget_type=\"image.default\">\n\t\t\t\t<div class=\"elementor-widget-container\">\n\t\t\t\t\t\t\t\t\t\t\t\t\t\t\t<img fetchpriority=\"high\" decoding=\"async\" width=\"580\" height=\"290\" src=\"https:\/\/tvlec.com\/wp-content\/uploads\/2022\/06\/qtq_92.webp\" class=\"attachment-large size-large wp-image-152\" alt=\"\" srcset=\"https:\/\/tvlec.com\/wp-content\/uploads\/2022\/06\/qtq_92.webp 600w, https:\/\/tvlec.com\/wp-content\/uploads\/2022\/06\/qtq_92-300x150.webp 300w\" sizes=\"(max-width: 580px) 100vw, 580px\" \/>\t\t\t\t\t\t\t\t\t\t\t\t\t\t\t<\/div>\n\t\t\t\t<\/div>\n\t\t\t\t\t<\/div>\n\t\t<\/div>\n\t\t\t\t<div class=\"elementor-column elementor-col-50 elementor-top-column elementor-element elementor-element-5cd3a37\" data-id=\"5cd3a37\" data-element_type=\"column\">\n\t\t\t<div class=\"elementor-widget-wrap elementor-element-populated\">\n\t\t\t\t\t\t<div class=\"elementor-element elementor-element-ad3fcc2 elementor-widget elementor-widget-heading\" data-id=\"ad3fcc2\" data-element_type=\"widget\" data-widget_type=\"heading.default\">\n\t\t\t\t<div class=\"elementor-widget-container\">\n\t\t\t\t\t<h2 class=\"elementor-heading-title elementor-size-default\">Sistema de reservas para cada tipo de hotel<\/h2>\t\t\t\t<\/div>\n\t\t\t\t<\/div>\n\t\t\t\t<div class=\"elementor-element elementor-element-9ac7b7f elementor-widget elementor-widget-text-editor\" data-id=\"9ac7b7f\" data-element_type=\"widget\" data-widget_type=\"text-editor.default\">\n\t\t\t\t<div class=\"elementor-widget-container\">\n\t\t\t\t\t\t\t\t\t<p>TVL Booking \u00a0le permite usar su software de reserva en l\u00ednea con el que le permite acceder a lo que necesita, finalmente ha encontrado el sistema de programaci\u00f3n adecuado. Nuestro sistema de reserva en l\u00ednea, puede ser utilizado por cualquier hotel que tome reservas. \u00bfDesea m\u00e1s informaci\u00f3n? No hay problema, estamos seguros de que podemos solucionar sus dudas.<\/p>\t\t\t\t\t\t\t\t<\/div>\n\t\t\t\t<\/div>\n\t\t\t\t\t<\/div>\n\t\t<\/div>\n\t\t\t\t\t<\/div>\n\t\t<\/section>\n\t\t\t\t<\/div>\n\t\t","protected":false},"excerpt":{"rendered":"<p>Motor de reservas Sistema de reservas para cada tipo de hotel TVL Booking \u00a0le permite usar su software de reserva en l\u00ednea con el que le permite acceder a lo que necesita, finalmente ha encontrado el sistema de programaci\u00f3n adecuado. Nuestro sistema de reserva en l\u00ednea, puede ser utilizado por cualquier hotel que tome reservas. [&hellip;]<\/p>\n","protected":false},"author":1,"featured_media":0,"parent":0,"menu_order":0,"comment_status":"closed","ping_status":"closed","template":"","meta":{"footnotes":""},"class_list":["post-29","page","type-page","status-publish","hentry"],"_links":{"self":[{"href":"https:\/\/tvlec.com\/index.php?rest_route=\/wp\/v2\/pages\/29","targetHints":{"allow":["GET"]}}],"collection":[{"href":"https:\/\/tvlec.com\/index.php?rest_route=\/wp\/v2\/pages"}],"about":[{"href":"https:\/\/tvlec.com\/index.php?rest_route=\/wp\/v2\/types\/page"}],"author":[{"embeddable":true,"href":"https:\/\/tvlec.com\/index.php?rest_route=\/wp\/v2\/users\/1"}],"replies":[{"embeddable":true,"href":"https:\/\/tvlec.com\/index.php?rest_route=%2Fwp%2Fv2%2Fcomments&post=29"}],"version-history":[{"count":13,"href":"https:\/\/tvlec.com\/index.php?rest_route=\/wp\/v2\/pages\/29\/revisions"}],"predecessor-version":[{"id":245,"href":"https:\/\/tvlec.com\/index.php?rest_route=\/wp\/v2\/pages\/29\/revisions\/245"}],"wp:attachment":[{"href":"https:\/\/tvlec.com\/index.php?rest_route=%2Fwp%2Fv2%2Fmedia&parent=29"}],"curies":[{"name":"wp","href":"https:\/\/api.w.org\/{rel}","templated":true}]}}